{"id":615,"date":"2023-12-24T16:49:20","date_gmt":"2023-12-24T15:49:20","guid":{"rendered":"https:\/\/sism.org\/scorp\/?page_id=615"},"modified":"2024-01-01T11:06:00","modified_gmt":"2024-01-01T10:06:00","slug":"progettualita","status":"publish","type":"page","link":"https:\/\/sism.org\/scorp\/progettualita\/","title":{"rendered":"Progettualit\u00e0"},"content":{"rendered":"\t\t<div data-elementor-type=\"wp-page\" data-elementor-id=\"615\" class=\"elementor elementor-615\">\n\t\t\t\t\t\t<section class=\"elementor-section elementor-top-section elementor-element elementor-element-8cc7def elementor-section-stretched elementor-section-boxed elementor-section-height-default elementor-section-height-default wpr-particle-no wpr-jarallax-no wpr-parallax-no wpr-sticky-section-no\" data-id=\"8cc7def\" data-element_type=\"section\" data-settings=\"{&quot;stretch_section&quot;:&quot;section-stretched&quot;,&quot;background_background&quot;:&quot;classic&quot;}\">\n\t\t\t\t\t\t<div class=\"elementor-container elementor-column-gap-default\">\n\t\t\t\t\t<div class=\"elementor-column elementor-col-100 elementor-top-column elementor-element elementor-element-b4d41c7\" data-id=\"b4d41c7\" data-element_type=\"column\">\n\t\t\t<div class=\"elementor-widget-wrap elementor-element-populated\">\n\t\t\t\t\t\t<div class=\"elementor-element elementor-element-660ab0b elementor-widget elementor-widget-spacer\" data-id=\"660ab0b\" data-element_type=\"widget\" data-widget_type=\"spacer.default\">\n\t\t\t\t<div class=\"elementor-widget-container\">\n\t\t\t\t\t<div class=\"elementor-spacer\">\n\t\t\t<div class=\"elementor-spacer-inner\"><\/div>\n\t\t<\/div>\n\t\t\t\t<\/div>\n\t\t\t\t<\/div>\n\t\t\t\t<div class=\"elementor-element elementor-element-494b706 elementor-widget elementor-widget-heading\" data-id=\"494b706\" data-element_type=\"widget\" data-widget_type=\"heading.default\">\n\t\t\t\t<div class=\"elementor-widget-container\">\n\t\t\t<h2 class=\"elementor-heading-title elementor-size-default\">Progettualit\u00e0<\/h2>\t\t<\/div>\n\t\t\t\t<\/div>\n\t\t\t\t<div class=\"elementor-element elementor-element-04055c2 elementor-widget elementor-widget-spacer\" data-id=\"04055c2\" data-element_type=\"widget\" data-widget_type=\"spacer.default\">\n\t\t\t\t<div class=\"elementor-widget-container\">\n\t\t\t\t\t<div class=\"elementor-spacer\">\n\t\t\t<div class=\"elementor-spacer-inner\"><\/div>\n\t\t<\/div>\n\t\t\t\t<\/div>\n\t\t\t\t<\/div>\n\t\t\t\t\t<\/div>\n\t\t<\/div>\n\t\t\t\t\t<\/div>\n\t\t<\/section>\n\t\t\t\t<section class=\"elementor-section elementor-top-section elementor-element elementor-element-e4c53a4 elementor-section-boxed elementor-section-height-default elementor-section-height-default wpr-particle-no wpr-jarallax-no wpr-parallax-no wpr-sticky-section-no\" data-id=\"e4c53a4\" data-element_type=\"section\">\n\t\t\t\t\t\t<div class=\"elementor-container elementor-column-gap-default\">\n\t\t\t\t\t<div class=\"elementor-column elementor-col-100 elementor-top-column elementor-element elementor-element-23fa37d\" data-id=\"23fa37d\" data-element_type=\"column\">\n\t\t\t<div class=\"elementor-widget-wrap elementor-element-populated\">\n\t\t\t\t\t\t<div class=\"elementor-element elementor-element-f16324f wpr-main-menu-align-center wpr-sub-icon-chevron-down wpr-main-menu-align--tabletleft wpr-main-menu-align--mobileleft wpr-pointer-underline wpr-pointer-line-fx wpr-pointer-fx-fade wpr-sub-menu-fx-fade wpr-nav-menu-bp-tablet wpr-mobile-menu-display-dropdown wpr-mobile-menu-full-width wpr-mobile-toggle-v1 wpr-sub-divider-yes wpr-mobile-divider-yes elementor-widget elementor-widget-wpr-mega-menu\" data-id=\"f16324f\" data-element_type=\"widget\" data-settings=\"{&quot;menu_layout&quot;:&quot;horizontal&quot;}\" data-widget_type=\"wpr-mega-menu.default\">\n\t\t\t\t<div class=\"elementor-widget-container\">\n\t\t\t<nav class=\"wpr-nav-menu-container wpr-mega-menu-container wpr-nav-menu-horizontal\" data-trigger=\"hover\"><ul id=\"menu-1-f16324f\" class=\"wpr-nav-menu wpr-mega-menu\"><li class=\"menu-item menu-item-type-custom menu-item-object-custom menu-item-home menu-item-462\"><a href=\"https:\/\/sism.org\/scorp\" class=\"wpr-menu-item wpr-pointer-item\"><span>Home<\/span><\/a><\/li>\n<li class=\"menu-item menu-item-type-post_type menu-item-object-page menu-item-499\"><a href=\"https:\/\/sism.org\/scorp\/scorp-map\/\" class=\"wpr-menu-item wpr-pointer-item\"><span>Map<\/span><\/a><\/li>\n<li class=\"menu-item menu-item-type-post_type menu-item-object-page menu-item-has-children menu-item-81\"><a href=\"https:\/\/sism.org\/scorp\/file\/\" class=\"wpr-menu-item wpr-pointer-item\"><span>Database<\/span><i class=\"wpr-sub-icon fas\" aria-hidden=\"true\"><\/i><\/a>\n<ul  class=\"sub-menu wpr-sub-menu\">\n\t<li class=\"menu-item menu-item-type-post_type menu-item-object-page menu-item-458\"><a href=\"https:\/\/sism.org\/scorp\/bookshelf\/\" class=\"wpr-sub-menu-item\"><span>Bookshelf<\/span><\/a>\t<li class=\"menu-item menu-item-type-post_type menu-item-object-page menu-item-459\"><a href=\"https:\/\/sism.org\/scorp\/videoteca\/\" class=\"wpr-sub-menu-item\"><span>Videoteca<\/span><\/a>\t<li class=\"menu-item menu-item-type-post_type menu-item-object-page menu-item-460\"><a href=\"https:\/\/sism.org\/scorp\/file\/\" class=\"wpr-sub-menu-item\"><span>File<\/span><\/a><\/ul>\n<\/li>\n<li class=\"menu-item menu-item-type-post_type menu-item-object-page menu-item-674\"><a href=\"https:\/\/sism.org\/scorp\/progettualita\/\" class=\"wpr-menu-item wpr-pointer-item\"><span>Progettualit\u00e0<\/span><\/a><\/li>\n<li class=\"menu-item menu-item-type-post_type menu-item-object-page menu-item-705\"><a href=\"https:\/\/sism.org\/scorp\/esterni-2\/\" class=\"wpr-menu-item wpr-pointer-item\"><span>Esterni<\/span><\/a><\/li>\n<li class=\"menu-item menu-item-type-post_type menu-item-object-page menu-item-736\"><a href=\"https:\/\/sism.org\/scorp\/community\/\" class=\"wpr-menu-item wpr-pointer-item\"><span>Community<\/span><\/a><\/li>\n<\/ul><\/nav><nav class=\"wpr-mobile-nav-menu-container\"><div class=\"wpr-mobile-toggle-wrap\"><div class=\"wpr-mobile-toggle\"><span class=\"wpr-mobile-toggle-line\"><\/span><span class=\"wpr-mobile-toggle-line\"><\/span><span class=\"wpr-mobile-toggle-line\"><\/span><\/div><\/div><div class=\"wpr-mobile-mega-menu-wrap \" toggle-backface=\"\"><ul id=\"mobile-menu-2-f16324f\" class=\"wpr-mobile-nav-menu wpr-mobile-mega-menu\"><li class=\"menu-item menu-item-type-custom menu-item-object-custom menu-item-home menu-item-462\"><a href=\"https:\/\/sism.org\/scorp\" class=\"wpr-mobile-menu-item\">Home<\/a><\/li>\n<li class=\"menu-item menu-item-type-post_type menu-item-object-page menu-item-499\"><a href=\"https:\/\/sism.org\/scorp\/scorp-map\/\" class=\"wpr-mobile-menu-item\">Map<\/a><\/li>\n<li class=\"menu-item menu-item-type-post_type menu-item-object-page menu-item-has-children menu-item-81\"><a href=\"https:\/\/sism.org\/scorp\/file\/\" class=\"wpr-mobile-menu-item\">Database<i class=\"wpr-mobile-sub-icon\"><\/i><\/a>\n<ul  class=\"sub-menu wpr-mobile-sub-menu\">\n\t<li class=\"menu-item menu-item-type-post_type menu-item-object-page menu-item-458\"><a href=\"https:\/\/sism.org\/scorp\/bookshelf\/\" class=\"wpr-mobile-sub-menu-item\">Bookshelf<\/a>\t<li class=\"menu-item menu-item-type-post_type menu-item-object-page menu-item-459\"><a href=\"https:\/\/sism.org\/scorp\/videoteca\/\" class=\"wpr-mobile-sub-menu-item\">Videoteca<\/a>\t<li class=\"menu-item menu-item-type-post_type menu-item-object-page menu-item-460\"><a href=\"https:\/\/sism.org\/scorp\/file\/\" class=\"wpr-mobile-sub-menu-item\">File<\/a><\/ul>\n<\/li>\n<li class=\"menu-item menu-item-type-post_type menu-item-object-page menu-item-674\"><a href=\"https:\/\/sism.org\/scorp\/progettualita\/\" class=\"wpr-mobile-menu-item\">Progettualit\u00e0<\/a><\/li>\n<li class=\"menu-item menu-item-type-post_type menu-item-object-page menu-item-705\"><a href=\"https:\/\/sism.org\/scorp\/esterni-2\/\" class=\"wpr-mobile-menu-item\">Esterni<\/a><\/li>\n<li class=\"menu-item menu-item-type-post_type menu-item-object-page menu-item-736\"><a href=\"https:\/\/sism.org\/scorp\/community\/\" class=\"wpr-mobile-menu-item\">Community<\/a><\/li>\n<\/ul><\/div><\/nav>\t\t<\/div>\n\t\t\t\t<\/div>\n\t\t\t\t\t<\/div>\n\t\t<\/div>\n\t\t\t\t\t<\/div>\n\t\t<\/section>\n\t\t<div class=\"elementor-element elementor-element-65a0c93 e-flex e-con-boxed wpr-particle-no wpr-jarallax-no wpr-parallax-no wpr-sticky-section-no e-con e-parent\" data-id=\"65a0c93\" data-element_type=\"container\" data-settings=\"{&quot;background_background&quot;:&quot;classic&quot;}\">\n\t\t\t\t\t<div class=\"e-con-inner\">\n\t\t\t\t<div class=\"elementor-element elementor-element-c29a44c elementor-widget elementor-widget-spacer\" data-id=\"c29a44c\" data-element_type=\"widget\" data-widget_type=\"spacer.default\">\n\t\t\t\t<div class=\"elementor-widget-container\">\n\t\t\t\t\t<div class=\"elementor-spacer\">\n\t\t\t<div class=\"elementor-spacer-inner\"><\/div>\n\t\t<\/div>\n\t\t\t\t<\/div>\n\t\t\t\t<\/div>\n\t\t\t\t\t<\/div>\n\t\t\t\t<\/div>\n\t\t<div class=\"elementor-element elementor-element-1c6ee2d e-flex e-con-boxed wpr-particle-no wpr-jarallax-no wpr-parallax-no wpr-sticky-section-no e-con e-parent\" data-id=\"1c6ee2d\" data-element_type=\"container\">\n\t\t\t\t\t<div class=\"e-con-inner\">\n\t\t<div class=\"elementor-element elementor-element-2528ddd e-con-full e-flex wpr-particle-no wpr-jarallax-no wpr-parallax-no wpr-sticky-section-no e-con e-child\" data-id=\"2528ddd\" data-element_type=\"container\">\n\t\t\t\t<div class=\"elementor-element elementor-element-311b9aa elementor-widget elementor-widget-image\" data-id=\"311b9aa\" data-element_type=\"widget\" data-widget_type=\"image.default\">\n\t\t\t\t<div class=\"elementor-widget-container\">\n\t\t\t\t\t\t\t\t\t\t\t\t\t<img fetchpriority=\"high\" decoding=\"async\" width=\"950\" height=\"950\" src=\"https:\/\/sism.org\/scorp\/wp-content\/uploads\/sites\/11\/2023\/12\/progetti-3-1024x1024.png\" class=\"attachment-large size-large wp-image-660\" alt=\"\" srcset=\"https:\/\/sism.org\/scorp\/wp-content\/uploads\/sites\/11\/2023\/12\/progetti-3-1024x1024.png 1024w, https:\/\/sism.org\/scorp\/wp-content\/uploads\/sites\/11\/2023\/12\/progetti-3-300x300.png 300w, https:\/\/sism.org\/scorp\/wp-content\/uploads\/sites\/11\/2023\/12\/progetti-3-150x150.png 150w, https:\/\/sism.org\/scorp\/wp-content\/uploads\/sites\/11\/2023\/12\/progetti-3-768x768.png 768w, https:\/\/sism.org\/scorp\/wp-content\/uploads\/sites\/11\/2023\/12\/progetti-3-1536x1536.png 1536w, https:\/\/sism.org\/scorp\/wp-content\/uploads\/sites\/11\/2023\/12\/progetti-3-2048x2048.png 2048w, https:\/\/sism.org\/scorp\/wp-content\/uploads\/sites\/11\/2023\/12\/progetti-3-2000x2000.png 2000w, https:\/\/sism.org\/scorp\/wp-content\/uploads\/sites\/11\/2023\/12\/progetti-3-600x600.png 600w, https:\/\/sism.org\/scorp\/wp-content\/uploads\/sites\/11\/2023\/12\/progetti-3-1200x1200.png 1200w, https:\/\/sism.org\/scorp\/wp-content\/uploads\/sites\/11\/2023\/12\/progetti-3-800x800.png 800w\" sizes=\"100vw\" \/>\t\t\t\t\t\t\t\t\t\t\t\t\t<\/div>\n\t\t\t\t<\/div>\n\t\t\t\t<\/div>\n\t\t<div class=\"elementor-element elementor-element-3241a43 e-con-full e-flex wpr-particle-no wpr-jarallax-no wpr-parallax-no wpr-sticky-section-no e-con e-child\" data-id=\"3241a43\" data-element_type=\"container\">\n\t\t\t\t<div class=\"elementor-element elementor-element-7d8f10a elementor-widget elementor-widget-text-editor\" data-id=\"7d8f10a\" data-element_type=\"widget\" data-widget_type=\"text-editor.default\">\n\t\t\t\t<div class=\"elementor-widget-container\">\n\t\t\t\t\t\t\t<div class=\"CjVfdc\"><span class=\"C9DxTc \">Condividere iniziative ed idee aiuta tutti a crescere ed a portare avanti in tutta Italia la nostra mission<\/span><\/div>\t\t\t\t\t\t<\/div>\n\t\t\t\t<\/div>\n\t\t\t\t<div class=\"elementor-element elementor-element-294c0ee elementor-widget elementor-widget-text-editor\" data-id=\"294c0ee\" data-element_type=\"widget\" data-widget_type=\"text-editor.default\">\n\t\t\t\t<div class=\"elementor-widget-container\">\n\t\t\t\t\t\t\t<p class=\"zfr3Q CDt4Ke \" dir=\"ltr\"><span class=\"C9DxTc \">Vogliamo migliorare la condivisione di dati e progetti tra nazionale e locale, arricchire con il contributo collettivo il Database e lo SCORP Folder. Con l&#8217;aiuto di tutti, con il tempo, siamo certi si raggiungeranno straordinari risultati!<\/span><\/p><p class=\"zfr3Q CDt4Ke \" dir=\"ltr\"><span class=\"C9DxTc \"><br \/><\/span><em><span class=\"C9DxTc \">Per info e supporto i Referenti Buddy sono sempre a disposizione per guidarvi e darvi consigli nel gestire l&#8217;upload.<\/span><\/em><\/p>\t\t\t\t\t\t<\/div>\n\t\t\t\t<\/div>\n\t\t\t\t<div class=\"elementor-element elementor-element-017ded9 elementor-align-center elementor-widget elementor-widget-button\" data-id=\"017ded9\" data-element_type=\"widget\" data-widget_type=\"button.default\">\n\t\t\t\t<div class=\"elementor-widget-container\">\n\t\t\t\t\t<div class=\"elementor-button-wrapper\">\n\t\t\t<a class=\"elementor-button elementor-button-link elementor-size-xs\" href=\"https:\/\/docs.google.com\/forms\/d\/e\/1FAIpQLSftd_d5_6qXKYfwEp12JSUsvXKzPRWi-Ac-wc9d5iqMDC0yDg\/viewform\">\n\t\t\t\t\t\t<span class=\"elementor-button-content-wrapper\">\n\t\t\t\t\t\t\t\t\t<span class=\"elementor-button-text\">Condividi un progetto!<\/span>\n\t\t\t\t\t<\/span>\n\t\t\t\t\t<\/a>\n\t\t<\/div>\n\t\t\t\t<\/div>\n\t\t\t\t<\/div>\n\t\t\t\t<\/div>\n\t\t\t\t\t<\/div>\n\t\t\t\t<\/div>\n\t\t<div class=\"elementor-element elementor-element-240924f e-flex e-con-boxed wpr-particle-no wpr-jarallax-no wpr-parallax-no wpr-sticky-section-no e-con e-parent\" data-id=\"240924f\" data-element_type=\"container\" data-settings=\"{&quot;background_background&quot;:&quot;classic&quot;}\">\n\t\t\t\t\t<div class=\"e-con-inner\">\n\t\t\t\t<div class=\"elementor-element elementor-element-b3fabe1 elementor-widget elementor-widget-spacer\" data-id=\"b3fabe1\" data-element_type=\"widget\" data-widget_type=\"spacer.default\">\n\t\t\t\t<div class=\"elementor-widget-container\">\n\t\t\t\t\t<div class=\"elementor-spacer\">\n\t\t\t<div class=\"elementor-spacer-inner\"><\/div>\n\t\t<\/div>\n\t\t\t\t<\/div>\n\t\t\t\t<\/div>\n\t\t\t\t\t<\/div>\n\t\t\t\t<\/div>\n\t\t\t\t<section class=\"elementor-section elementor-top-section elementor-element elementor-element-2dbb591 elementor-section-boxed elementor-section-height-default elementor-section-height-default wpr-particle-no wpr-jarallax-no wpr-parallax-no wpr-sticky-section-no\" data-id=\"2dbb591\" data-element_type=\"section\">\n\t\t\t\t\t\t<div class=\"elementor-container elementor-column-gap-default\">\n\t\t\t\t\t<div class=\"elementor-column elementor-col-100 elementor-top-column elementor-element elementor-element-f23298b\" data-id=\"f23298b\" data-element_type=\"column\">\n\t\t\t<div class=\"elementor-widget-wrap elementor-element-populated\">\n\t\t\t\t\t\t<div class=\"elementor-element elementor-element-9848108 elementor-widget elementor-widget-heading\" data-id=\"9848108\" data-element_type=\"widget\" data-widget_type=\"heading.default\">\n\t\t\t\t<div class=\"elementor-widget-container\">\n\t\t\t<h2 class=\"elementor-heading-title elementor-size-default\">Database Progetti SCORP<\/h2>\t\t<\/div>\n\t\t\t\t<\/div>\n\t\t\t\t\t<\/div>\n\t\t<\/div>\n\t\t\t\t\t<\/div>\n\t\t<\/section>\n\t\t\t\t<section class=\"elementor-section elementor-top-section elementor-element elementor-element-4fa81ee elementor-section-content-middle elementor-section-boxed elementor-section-height-default elementor-section-height-default wpr-particle-no wpr-jarallax-no wpr-parallax-no wpr-sticky-section-no\" data-id=\"4fa81ee\" data-element_type=\"section\">\n\t\t\t\t\t\t<div class=\"elementor-container elementor-column-gap-default\">\n\t\t\t\t\t<div class=\"elementor-column elementor-col-100 elementor-top-column elementor-element elementor-element-8434db4\" data-id=\"8434db4\" data-element_type=\"column\">\n\t\t\t<div class=\"elementor-widget-wrap elementor-element-populated\">\n\t\t\t\t\t\t<div class=\"elementor-element elementor-element-ef7ae44 elementor-widget elementor-widget-html\" data-id=\"ef7ae44\" data-element_type=\"widget\" data-widget_type=\"html.default\">\n\t\t\t\t<div class=\"elementor-widget-container\">\n\t\t\t<iframe src=\"https:\/\/docs.google.com\/spreadsheets\/d\/e\/2PACX-1vR9gYJNRGTSoOt4CmTsZQUM0B-YgAMQkZVL-xeylz6YNty9b8B2jQtnqeFPkZTpLdbJasu8Z6iJ0bUP\/pubhtml?widget=true&amp;headers=false\" style=\"height:500px\"><\/iframe>\t\t<\/div>\n\t\t\t\t<\/div>\n\t\t\t\t\t<\/div>\n\t\t<\/div>\n\t\t\t\t\t<\/div>\n\t\t<\/section>\n\t\t<div class=\"elementor-element elementor-element-f1c1dbe e-flex e-con-boxed wpr-particle-no wpr-jarallax-no wpr-parallax-no wpr-sticky-section-no e-con e-parent\" data-id=\"f1c1dbe\" data-element_type=\"container\">\n\t\t\t\t\t<div class=\"e-con-inner\">\n\t\t\t\t<div class=\"elementor-element elementor-element-93eee8a elementor-widget elementor-widget-spacer\" data-id=\"93eee8a\" data-element_type=\"widget\" data-widget_type=\"spacer.default\">\n\t\t\t\t<div class=\"elementor-widget-container\">\n\t\t\t\t\t<div class=\"elementor-spacer\">\n\t\t\t<div class=\"elementor-spacer-inner\"><\/div>\n\t\t<\/div>\n\t\t\t\t<\/div>\n\t\t\t\t<\/div>\n\t\t\t\t<div class=\"elementor-element elementor-element-547390e elementor-widget elementor-widget-heading\" data-id=\"547390e\" data-element_type=\"widget\" data-widget_type=\"heading.default\">\n\t\t\t\t<div class=\"elementor-widget-container\">\n\t\t\t<h2 class=\"elementor-heading-title elementor-size-default\">Progetti Nazionali SCORP<\/h2>\t\t<\/div>\n\t\t\t\t<\/div>\n\t\t\t\t\t<\/div>\n\t\t\t\t<\/div>\n\t\t<div class=\"elementor-element elementor-element-3bf47d5 e-flex e-con-boxed wpr-particle-no wpr-jarallax-no wpr-parallax-no wpr-sticky-section-no e-con e-parent\" data-id=\"3bf47d5\" data-element_type=\"container\">\n\t\t\t\t\t<div class=\"e-con-inner\">\n\t\t<div class=\"elementor-element elementor-element-a253d38 e-con-full e-flex wpr-particle-no wpr-jarallax-no wpr-parallax-no wpr-sticky-section-no e-con e-child\" data-id=\"a253d38\" data-element_type=\"container\" data-settings=\"{&quot;background_background&quot;:&quot;classic&quot;}\">\n\t\t\t\t<div class=\"elementor-element elementor-element-3cf5394 elementor-widget elementor-widget-image\" data-id=\"3cf5394\" data-element_type=\"widget\" data-widget_type=\"image.default\">\n\t\t\t\t<div class=\"elementor-widget-container\">\n\t\t\t\t\t\t\t\t\t\t<figure class=\"wp-caption\">\n\t\t\t\t\t\t\t\t\t\t<img decoding=\"async\" width=\"300\" height=\"300\" src=\"https:\/\/sism.org\/scorp\/wp-content\/uploads\/sites\/11\/2023\/12\/LabMond-colorato-300x300.png\" class=\"attachment-medium size-medium wp-image-643\" alt=\"\" srcset=\"https:\/\/sism.org\/scorp\/wp-content\/uploads\/sites\/11\/2023\/12\/LabMond-colorato-300x300.png 300w, https:\/\/sism.org\/scorp\/wp-content\/uploads\/sites\/11\/2023\/12\/LabMond-colorato-1021x1024.png 1021w, https:\/\/sism.org\/scorp\/wp-content\/uploads\/sites\/11\/2023\/12\/LabMond-colorato-150x150.png 150w, https:\/\/sism.org\/scorp\/wp-content\/uploads\/sites\/11\/2023\/12\/LabMond-colorato-768x770.png 768w, https:\/\/sism.org\/scorp\/wp-content\/uploads\/sites\/11\/2023\/12\/LabMond-colorato-600x602.png 600w, https:\/\/sism.org\/scorp\/wp-content\/uploads\/sites\/11\/2023\/12\/LabMond-colorato-1200x1204.png 1200w, https:\/\/sism.org\/scorp\/wp-content\/uploads\/sites\/11\/2023\/12\/LabMond-colorato-800x800.png 800w, https:\/\/sism.org\/scorp\/wp-content\/uploads\/sites\/11\/2023\/12\/LabMond-colorato.png 1280w\" sizes=\"100vw\" \/>\t\t\t\t\t\t\t\t\t\t\t<figcaption class=\"widget-image-caption wp-caption-text\"><\/figcaption>\n\t\t\t\t\t\t\t\t\t\t<\/figure>\n\t\t\t\t\t\t\t<\/div>\n\t\t\t\t<\/div>\n\t\t\t\t<div class=\"elementor-element elementor-element-faae04f elementor-widget elementor-widget-text-editor\" data-id=\"faae04f\" data-element_type=\"widget\" data-widget_type=\"text-editor.default\">\n\t\t\t\t<div class=\"elementor-widget-container\">\n\t\t\t\t\t\t\t<p style=\"text-align: center;\">LabMond<br \/>Laboratorio di Mondialit\u00e0<\/p>\t\t\t\t\t\t<\/div>\n\t\t\t\t<\/div>\n\t\t\t\t<div class=\"elementor-element elementor-element-cbaacdf elementor-align-center elementor-widget__width-inherit elementor-widget elementor-widget-button\" data-id=\"cbaacdf\" data-element_type=\"widget\" data-widget_type=\"button.default\">\n\t\t\t\t<div class=\"elementor-widget-container\">\n\t\t\t\t\t<div class=\"elementor-button-wrapper\">\n\t\t\t<a class=\"elementor-button elementor-button-link elementor-size-xs\" href=\"https:\/\/sism.org\/progetti-2\">\n\t\t\t\t\t\t<span class=\"elementor-button-content-wrapper\">\n\t\t\t\t\t\t\t\t\t<span class=\"elementor-button-text\">Scopri di pi\u00f9<\/span>\n\t\t\t\t\t<\/span>\n\t\t\t\t\t<\/a>\n\t\t<\/div>\n\t\t\t\t<\/div>\n\t\t\t\t<\/div>\n\t\t\t\t<\/div>\n\t\t\t\t<div class=\"elementor-element elementor-element-fe40813 elementor-widget elementor-widget-spacer\" data-id=\"fe40813\" data-element_type=\"widget\" data-widget_type=\"spacer.default\">\n\t\t\t\t<div class=\"elementor-widget-container\">\n\t\t\t\t\t<div class=\"elementor-spacer\">\n\t\t\t<div class=\"elementor-spacer-inner\"><\/div>\n\t\t<\/div>\n\t\t\t\t<\/div>\n\t\t\t\t<\/div>\n\t\t<div class=\"elementor-element elementor-element-c6644b0 e-con-full e-flex wpr-particle-no wpr-jarallax-no wpr-parallax-no wpr-sticky-section-no e-con e-child\" data-id=\"c6644b0\" data-element_type=\"container\" data-settings=\"{&quot;background_background&quot;:&quot;classic&quot;}\">\n\t\t\t\t<div class=\"elementor-element elementor-element-299545d elementor-widget elementor-widget-image\" data-id=\"299545d\" data-element_type=\"widget\" data-widget_type=\"image.default\">\n\t\t\t\t<div class=\"elementor-widget-container\">\n\t\t\t\t\t\t\t\t\t\t<figure class=\"wp-caption\">\n\t\t\t\t\t\t\t\t\t\t<img decoding=\"async\" width=\"300\" height=\"300\" src=\"https:\/\/sism.org\/scorp\/wp-content\/uploads\/sites\/11\/2023\/12\/wolisso-1-300x300.png\" class=\"attachment-medium size-medium wp-image-645\" alt=\"\" srcset=\"https:\/\/sism.org\/scorp\/wp-content\/uploads\/sites\/11\/2023\/12\/wolisso-1-300x300.png 300w, https:\/\/sism.org\/scorp\/wp-content\/uploads\/sites\/11\/2023\/12\/wolisso-1-150x150.png 150w, https:\/\/sism.org\/scorp\/wp-content\/uploads\/sites\/11\/2023\/12\/wolisso-1-768x768.png 768w, https:\/\/sism.org\/scorp\/wp-content\/uploads\/sites\/11\/2023\/12\/wolisso-1-600x600.png 600w, https:\/\/sism.org\/scorp\/wp-content\/uploads\/sites\/11\/2023\/12\/wolisso-1-800x800.png 800w, https:\/\/sism.org\/scorp\/wp-content\/uploads\/sites\/11\/2023\/12\/wolisso-1.png 1000w\" sizes=\"100vw\" \/>\t\t\t\t\t\t\t\t\t\t\t<figcaption class=\"widget-image-caption wp-caption-text\"><\/figcaption>\n\t\t\t\t\t\t\t\t\t\t<\/figure>\n\t\t\t\t\t\t\t<\/div>\n\t\t\t\t<\/div>\n\t\t\t\t<div class=\"elementor-element elementor-element-1ad7fde elementor-widget elementor-widget-text-editor\" data-id=\"1ad7fde\" data-element_type=\"widget\" data-widget_type=\"text-editor.default\">\n\t\t\t\t<div class=\"elementor-widget-container\">\n\t\t\t\t\t\t\t<p style=\"text-align: center;\">Wolisso Project<br \/><br \/><\/p>\t\t\t\t\t\t<\/div>\n\t\t\t\t<\/div>\n\t\t\t\t<div class=\"elementor-element elementor-element-69a982b elementor-align-center elementor-widget__width-inherit elementor-widget elementor-widget-button\" data-id=\"69a982b\" data-element_type=\"widget\" data-widget_type=\"button.default\">\n\t\t\t\t<div class=\"elementor-widget-container\">\n\t\t\t\t\t<div class=\"elementor-button-wrapper\">\n\t\t\t<a class=\"elementor-button elementor-button-link elementor-size-xs\" href=\"https:\/\/sism.org\/progetti-2\/\">\n\t\t\t\t\t\t<span class=\"elementor-button-content-wrapper\">\n\t\t\t\t\t\t\t\t\t<span class=\"elementor-button-text\">Scopri di pi\u00f9<\/span>\n\t\t\t\t\t<\/span>\n\t\t\t\t\t<\/a>\n\t\t<\/div>\n\t\t\t\t<\/div>\n\t\t\t\t<\/div>\n\t\t\t\t<\/div>\n\t\t\t\t\t<\/div>\n\t\t\t\t<\/div>\n\t\t<div class=\"elementor-element elementor-element-4e93b1a e-flex e-con-boxed wpr-particle-no wpr-jarallax-no wpr-parallax-no wpr-sticky-section-no e-con e-parent\" data-id=\"4e93b1a\" data-element_type=\"container\">\n\t\t\t\t\t<div class=\"e-con-inner\">\n\t\t\t\t<div class=\"elementor-element elementor-element-4dc8287 elementor-widget elementor-widget-spacer\" data-id=\"4dc8287\" data-element_type=\"widget\" data-widget_type=\"spacer.default\">\n\t\t\t\t<div class=\"elementor-widget-container\">\n\t\t\t\t\t<div class=\"elementor-spacer\">\n\t\t\t<div class=\"elementor-spacer-inner\"><\/div>\n\t\t<\/div>\n\t\t\t\t<\/div>\n\t\t\t\t<\/div>\n\t\t\t\t\t<\/div>\n\t\t\t\t<\/div>\n\t\t\t\t<\/div>\n\t\t","protected":false},"excerpt":{"rendered":"<p>Progettualit\u00e0 Home Map Database Bookshelf Videoteca File Progettualit\u00e0 Esterni Community Home Map Database Bookshelf Videoteca File Progettualit\u00e0 Esterni Community Condividere iniziative ed idee aiuta tutti a crescere ed a portare avanti in tutta Italia la nostra mission Vogliamo migliorare la condivisione di dati e progetti tra nazionale e locale, arricchire con il contributo collettivo il Database e lo SCORP Folder. Con l&#8217;aiuto di tutti, con il tempo, siamo certi si raggiungeranno straordinari risultati! Per info e supporto i Referenti Buddy sono sempre a disposizione per guidarvi e darvi consigli nel gestire l&#8217;upload. Condividi un progetto! Database Progetti SCORP Progetti Nazionali SCORP LabMondLaboratorio di Mondialit\u00e0 Scopri di pi\u00f9 Wolisso Project Scopri di pi\u00f9<\/p>\n","protected":false},"author":1,"featured_media":0,"parent":0,"menu_order":0,"comment_status":"closed","ping_status":"closed","template":"page-templates\/homepage-no-hero.php","meta":{"inline_featured_image":false,"inspiro_hide_title":false,"footnotes":""},"class_list":["post-615","page","type-page","status-publish","hentry"],"featured_media_urls":[],"_links":{"self":[{"href":"https:\/\/sism.org\/scorp\/wp-json\/wp\/v2\/pages\/615","targetHints":{"allow":["GET"]}}],"collection":[{"href":"https:\/\/sism.org\/scorp\/wp-json\/wp\/v2\/pages"}],"about":[{"href":"https:\/\/sism.org\/scorp\/wp-json\/wp\/v2\/types\/page"}],"author":[{"embeddable":true,"href":"https:\/\/sism.org\/scorp\/wp-json\/wp\/v2\/users\/1"}],"replies":[{"embeddable":true,"href":"https:\/\/sism.org\/scorp\/wp-json\/wp\/v2\/comments?post=615"}],"version-history":[{"count":13,"href":"https:\/\/sism.org\/scorp\/wp-json\/wp\/v2\/pages\/615\/revisions"}],"predecessor-version":[{"id":840,"href":"https:\/\/sism.org\/scorp\/wp-json\/wp\/v2\/pages\/615\/revisions\/840"}],"wp:attachment":[{"href":"https:\/\/sism.org\/scorp\/wp-json\/wp\/v2\/media?parent=615"}],"curies":[{"name":"wp","href":"https:\/\/api.w.org\/{rel}","templated":true}]}}