{"id":463,"date":"2023-12-24T14:26:05","date_gmt":"2023-12-24T13:26:05","guid":{"rendered":"https:\/\/sism.org\/scorp\/?page_id=463"},"modified":"2023-12-24T18:56:57","modified_gmt":"2023-12-24T17:56:57","slug":"scorp-map","status":"publish","type":"page","link":"https:\/\/sism.org\/scora\/scorp-map\/","title":{"rendered":"SCORA Map"},"content":{"rendered":"\t\t<div data-elementor-type=\"wp-page\" data-elementor-id=\"463\" class=\"elementor elementor-463\">\n\t\t\t\t\t\t<section class=\"elementor-section elementor-top-section elementor-element elementor-element-8cc7def elementor-section-stretched elementor-section-boxed elementor-section-height-default elementor-section-height-default wpr-particle-no wpr-jarallax-no wpr-parallax-no wpr-sticky-section-no\" data-id=\"8cc7def\" data-element_type=\"section\" data-settings=\"{&quot;stretch_section&quot;:&quot;section-stretched&quot;,&quot;background_background&quot;:&quot;classic&quot;}\">\n\t\t\t\t\t\t<div class=\"elementor-container elementor-column-gap-default\">\n\t\t\t\t\t<div class=\"elementor-column elementor-col-100 elementor-top-column elementor-element elementor-element-b4d41c7\" data-id=\"b4d41c7\" data-element_type=\"column\">\n\t\t\t<div class=\"elementor-widget-wrap elementor-element-populated\">\n\t\t\t\t\t\t<div class=\"elementor-element elementor-element-660ab0b elementor-widget elementor-widget-spacer\" data-id=\"660ab0b\" data-element_type=\"widget\" data-widget_type=\"spacer.default\">\n\t\t\t\t<div class=\"elementor-widget-container\">\n\t\t\t\t\t<div class=\"elementor-spacer\">\n\t\t\t<div class=\"elementor-spacer-inner\"><\/div>\n\t\t<\/div>\n\t\t\t\t<\/div>\n\t\t\t\t<\/div>\n\t\t\t\t<div class=\"elementor-element elementor-element-494b706 elementor-widget elementor-widget-heading\" data-id=\"494b706\" data-element_type=\"widget\" data-widget_type=\"heading.default\">\n\t\t\t\t<div class=\"elementor-widget-container\">\n\t\t\t<h2 class=\"elementor-heading-title elementor-size-default\">SCORA Map<\/h2>\t\t<\/div>\n\t\t\t\t<\/div>\n\t\t\t\t<div class=\"elementor-element elementor-element-04055c2 elementor-widget elementor-widget-spacer\" data-id=\"04055c2\" data-element_type=\"widget\" data-widget_type=\"spacer.default\">\n\t\t\t\t<div class=\"elementor-widget-container\">\n\t\t\t\t\t<div class=\"elementor-spacer\">\n\t\t\t<div class=\"elementor-spacer-inner\"><\/div>\n\t\t<\/div>\n\t\t\t\t<\/div>\n\t\t\t\t<\/div>\n\t\t\t\t\t<\/div>\n\t\t<\/div>\n\t\t\t\t\t<\/div>\n\t\t<\/section>\n\t\t\t\t<section class=\"elementor-section elementor-top-section elementor-element elementor-element-e4c53a4 elementor-section-boxed elementor-section-height-default elementor-section-height-default wpr-particle-no wpr-jarallax-no wpr-parallax-no wpr-sticky-section-no\" data-id=\"e4c53a4\" data-element_type=\"section\">\n\t\t\t\t\t\t<div class=\"elementor-container elementor-column-gap-default\">\n\t\t\t\t\t<div class=\"elementor-column elementor-col-100 elementor-top-column elementor-element elementor-element-23fa37d\" data-id=\"23fa37d\" data-element_type=\"column\">\n\t\t\t<div class=\"elementor-widget-wrap elementor-element-populated\">\n\t\t\t\t\t\t<div class=\"elementor-element elementor-element-f16324f wpr-main-menu-align-center wpr-sub-icon-chevron-down wpr-main-menu-align--tabletleft wpr-main-menu-align--mobileleft wpr-pointer-underline wpr-pointer-line-fx wpr-pointer-fx-fade wpr-sub-menu-fx-fade wpr-nav-menu-bp-tablet wpr-mobile-menu-display-dropdown wpr-mobile-menu-full-width wpr-mobile-toggle-v1 wpr-sub-divider-yes wpr-mobile-divider-yes elementor-widget elementor-widget-wpr-mega-menu\" data-id=\"f16324f\" data-element_type=\"widget\" data-settings=\"{&quot;menu_layout&quot;:&quot;horizontal&quot;}\" data-widget_type=\"wpr-mega-menu.default\">\n\t\t\t\t<div class=\"elementor-widget-container\">\n\t\t\t<nav class=\"wpr-nav-menu-container wpr-mega-menu-container wpr-nav-menu-horizontal\" data-trigger=\"hover\"><ul id=\"menu-1-f16324f\" class=\"wpr-nav-menu wpr-mega-menu\"><li class=\"menu-item menu-item-type-custom menu-item-object-custom menu-item-home menu-item-124\"><a href=\"https:\/\/sism.org\/scora\" class=\"wpr-menu-item wpr-pointer-item\"><span>Home<\/span><\/a><\/li>\n<li class=\"menu-item menu-item-type-post_type menu-item-object-page menu-item-743\"><a href=\"https:\/\/sism.org\/scora\/scorp-map\/\" class=\"wpr-menu-item wpr-pointer-item\"><span>Map<\/span><\/a><\/li>\n<li class=\"menu-item menu-item-type-post_type menu-item-object-page menu-item-has-children menu-item-742\"><a href=\"https:\/\/sism.org\/scora\/file\/\" class=\"wpr-menu-item wpr-pointer-item\"><span>SCORA Share<\/span><i class=\"wpr-sub-icon fas\" aria-hidden=\"true\"><\/i><\/a>\n<ul  class=\"sub-menu wpr-sub-menu\">\n\t<li class=\"menu-item menu-item-type-custom menu-item-object-custom menu-item-833\"><a href=\"https:\/\/docs.google.com\/spreadsheets\/d\/1GiW34QR58-6YiO4R4r-8v60zH3WqfEdYgSIxvSwox70\/edit#gid=0\" class=\"wpr-sub-menu-item\"><span>Audioteca<\/span><\/a>\t<li class=\"menu-item menu-item-type-custom menu-item-object-custom menu-item-832\"><a href=\"https:\/\/docs.google.com\/spreadsheets\/d\/1aPTWFIrXY7Rw07GDHS62wv2T9VjeZrPotCKf5LhsFIM\/edit#gid=0\" class=\"wpr-sub-menu-item\"><span>Videoteca<\/span><\/a>\t<li class=\"menu-item menu-item-type-custom menu-item-object-custom menu-item-834\"><a href=\"https:\/\/docs.google.com\/spreadsheets\/d\/1X5r6aGLuA91JHWcumGkLvUdonvs2NQMPpEDJLw2kAn4\/edit#gid=0\" class=\"wpr-sub-menu-item\"><span>Libreria<\/span><\/a><\/ul>\n<\/li>\n<li class=\"menu-item menu-item-type-post_type menu-item-object-page menu-item-has-children menu-item-744\"><a href=\"https:\/\/sism.org\/scora\/progettualita\/\" class=\"wpr-menu-item wpr-pointer-item\"><span>Progettualit\u00e0<\/span><i class=\"wpr-sub-icon fas\" aria-hidden=\"true\"><\/i><\/a>\n<ul  class=\"sub-menu wpr-sub-menu\">\n\t<li class=\"menu-item menu-item-type-post_type menu-item-object-page menu-item-845\"><a href=\"https:\/\/sism.org\/scora\/scora-exchange\/\" class=\"wpr-sub-menu-item\"><span>SCORA X-Change<\/span><\/a><\/ul>\n<\/li>\n<li class=\"menu-item menu-item-type-post_type menu-item-object-page menu-item-has-children menu-item-825\"><a href=\"https:\/\/sism.org\/scora\/formazione\/\" class=\"wpr-menu-item wpr-pointer-item\"><span>Formazione<\/span><i class=\"wpr-sub-icon fas\" aria-hidden=\"true\"><\/i><\/a>\n<ul  class=\"sub-menu wpr-sub-menu\">\n\t<li class=\"menu-item menu-item-type-post_type menu-item-object-page menu-item-827\"><a href=\"https:\/\/sism.org\/scora\/scora-talks\/\" class=\"wpr-sub-menu-item\"><span>SCORA Talks<\/span><\/a>\t<li class=\"menu-item menu-item-type-post_type menu-item-object-page menu-item-826\"><a href=\"https:\/\/sism.org\/scora\/scora-sessions\/\" class=\"wpr-sub-menu-item\"><span>SCORA Sessions<\/span><\/a>\t<li class=\"menu-item menu-item-type-post_type menu-item-object-page menu-item-828\"><a href=\"https:\/\/sism.org\/scora\/set\/\" class=\"wpr-sub-menu-item\"><span>SET<\/span><\/a><\/ul>\n<\/li>\n<li class=\"menu-item menu-item-type-post_type menu-item-object-page menu-item-745\"><a href=\"https:\/\/sism.org\/scora\/esterni-2\/\" class=\"wpr-menu-item wpr-pointer-item\"><span>Esterni<\/span><\/a><\/li>\n<\/ul><\/nav><nav class=\"wpr-mobile-nav-menu-container\"><div class=\"wpr-mobile-toggle-wrap\"><div class=\"wpr-mobile-toggle\"><span class=\"wpr-mobile-toggle-line\"><\/span><span class=\"wpr-mobile-toggle-line\"><\/span><span class=\"wpr-mobile-toggle-line\"><\/span><\/div><\/div><div class=\"wpr-mobile-mega-menu-wrap \" toggle-backface=\"\"><ul id=\"mobile-menu-2-f16324f\" class=\"wpr-mobile-nav-menu wpr-mobile-mega-menu\"><li class=\"menu-item menu-item-type-custom menu-item-object-custom menu-item-home menu-item-124\"><a href=\"https:\/\/sism.org\/scora\" class=\"wpr-mobile-menu-item\">Home<\/a><\/li>\n<li class=\"menu-item menu-item-type-post_type menu-item-object-page menu-item-743\"><a href=\"https:\/\/sism.org\/scora\/scorp-map\/\" class=\"wpr-mobile-menu-item\">Map<\/a><\/li>\n<li class=\"menu-item menu-item-type-post_type menu-item-object-page menu-item-has-children menu-item-742\"><a href=\"https:\/\/sism.org\/scora\/file\/\" class=\"wpr-mobile-menu-item\">SCORA Share<i class=\"wpr-mobile-sub-icon\"><\/i><\/a>\n<ul  class=\"sub-menu wpr-mobile-sub-menu\">\n\t<li class=\"menu-item menu-item-type-custom menu-item-object-custom menu-item-833\"><a href=\"https:\/\/docs.google.com\/spreadsheets\/d\/1GiW34QR58-6YiO4R4r-8v60zH3WqfEdYgSIxvSwox70\/edit#gid=0\" class=\"wpr-mobile-sub-menu-item\">Audioteca<\/a>\t<li class=\"menu-item menu-item-type-custom menu-item-object-custom menu-item-832\"><a href=\"https:\/\/docs.google.com\/spreadsheets\/d\/1aPTWFIrXY7Rw07GDHS62wv2T9VjeZrPotCKf5LhsFIM\/edit#gid=0\" class=\"wpr-mobile-sub-menu-item\">Videoteca<\/a>\t<li class=\"menu-item menu-item-type-custom menu-item-object-custom menu-item-834\"><a href=\"https:\/\/docs.google.com\/spreadsheets\/d\/1X5r6aGLuA91JHWcumGkLvUdonvs2NQMPpEDJLw2kAn4\/edit#gid=0\" class=\"wpr-mobile-sub-menu-item\">Libreria<\/a><\/ul>\n<\/li>\n<li class=\"menu-item menu-item-type-post_type menu-item-object-page menu-item-has-children menu-item-744\"><a href=\"https:\/\/sism.org\/scora\/progettualita\/\" class=\"wpr-mobile-menu-item\">Progettualit\u00e0<i class=\"wpr-mobile-sub-icon\"><\/i><\/a>\n<ul  class=\"sub-menu wpr-mobile-sub-menu\">\n\t<li class=\"menu-item menu-item-type-post_type menu-item-object-page menu-item-845\"><a href=\"https:\/\/sism.org\/scora\/scora-exchange\/\" class=\"wpr-mobile-sub-menu-item\">SCORA X-Change<\/a><\/ul>\n<\/li>\n<li class=\"menu-item menu-item-type-post_type menu-item-object-page menu-item-has-children menu-item-825\"><a href=\"https:\/\/sism.org\/scora\/formazione\/\" class=\"wpr-mobile-menu-item\">Formazione<i class=\"wpr-mobile-sub-icon\"><\/i><\/a>\n<ul  class=\"sub-menu wpr-mobile-sub-menu\">\n\t<li class=\"menu-item menu-item-type-post_type menu-item-object-page menu-item-827\"><a href=\"https:\/\/sism.org\/scora\/scora-talks\/\" class=\"wpr-mobile-sub-menu-item\">SCORA Talks<\/a>\t<li class=\"menu-item menu-item-type-post_type menu-item-object-page menu-item-826\"><a href=\"https:\/\/sism.org\/scora\/scora-sessions\/\" class=\"wpr-mobile-sub-menu-item\">SCORA Sessions<\/a>\t<li class=\"menu-item menu-item-type-post_type menu-item-object-page menu-item-828\"><a href=\"https:\/\/sism.org\/scora\/set\/\" class=\"wpr-mobile-sub-menu-item\">SET<\/a><\/ul>\n<\/li>\n<li class=\"menu-item menu-item-type-post_type menu-item-object-page menu-item-745\"><a href=\"https:\/\/sism.org\/scora\/esterni-2\/\" class=\"wpr-mobile-menu-item\">Esterni<\/a><\/li>\n<\/ul><\/div><\/nav>\t\t<\/div>\n\t\t\t\t<\/div>\n\t\t\t\t\t<\/div>\n\t\t<\/div>\n\t\t\t\t\t<\/div>\n\t\t<\/section>\n\t\t<div class=\"elementor-element elementor-element-65a0c93 e-flex e-con-boxed wpr-particle-no wpr-jarallax-no wpr-parallax-no wpr-sticky-section-no e-con e-parent\" data-id=\"65a0c93\" data-element_type=\"container\" data-settings=\"{&quot;background_background&quot;:&quot;classic&quot;}\">\n\t\t\t\t\t<div class=\"e-con-inner\">\n\t\t\t\t<div class=\"elementor-element elementor-element-c29a44c elementor-widget elementor-widget-spacer\" data-id=\"c29a44c\" data-element_type=\"widget\" data-widget_type=\"spacer.default\">\n\t\t\t\t<div class=\"elementor-widget-container\">\n\t\t\t\t\t<div class=\"elementor-spacer\">\n\t\t\t<div class=\"elementor-spacer-inner\"><\/div>\n\t\t<\/div>\n\t\t\t\t<\/div>\n\t\t\t\t<\/div>\n\t\t\t\t<div class=\"elementor-element elementor-element-728e17d elementor-widget elementor-widget-text-editor\" data-id=\"728e17d\" data-element_type=\"widget\" data-widget_type=\"text-editor.default\">\n\t\t\t\t<div class=\"elementor-widget-container\">\n\t\t\t\t\t\t\t<p>La SCORA Map \u00e8 una mappa interattiva in cui potete trovare i contatti di tutti i LORA d&#8217;Italia e dello SCORA Team.<\/p>\t\t\t\t\t\t<\/div>\n\t\t\t\t<\/div>\n\t\t\t\t\t<\/div>\n\t\t\t\t<\/div>\n\t\t<div class=\"elementor-element elementor-element-90b64e1 e-flex e-con-boxed wpr-particle-no wpr-jarallax-no wpr-parallax-no wpr-sticky-section-no e-con e-parent\" data-id=\"90b64e1\" data-element_type=\"container\">\n\t\t\t\t\t<div class=\"e-con-inner\">\n\t\t\t\t<div class=\"elementor-element elementor-element-8eddb6a elementor-widget elementor-widget-html\" data-id=\"8eddb6a\" data-element_type=\"widget\" data-widget_type=\"html.default\">\n\t\t\t\t<div class=\"elementor-widget-container\">\n\t\t\t<iframe src=\"https:\/\/www.google.com\/maps\/d\/embed?mid=1fWeZOhYtBzM2Blxn70VRNSz4Q2JFsdCx&ehbc=2E312F\" width=\"640\" height=\"700\"><\/iframe>\t\t<\/div>\n\t\t\t\t<\/div>\n\t\t\t\t\t<\/div>\n\t\t\t\t<\/div>\n\t\t\t\t<\/div>\n\t\t","protected":false},"excerpt":{"rendered":"<p>SCORA Map Home Map Il Team Database Bookshelf Videoteca File Progettualit\u00e0 Esterni Community Home Map Il Team Database Bookshelf Videoteca File Progettualit\u00e0 Esterni Community La SCORA Map \u00e8 una mappa interattiva in cui potete trovare i contatti di tutti i LORA d&#8217;Italia e dello SCORA Team.<\/p>\n","protected":false},"author":1,"featured_media":0,"parent":0,"menu_order":0,"comment_status":"closed","ping_status":"closed","template":"page-templates\/homepage-no-hero.php","meta":{"inline_featured_image":false,"inspiro_hide_title":false,"footnotes":""},"class_list":["post-463","page","type-page","status-publish","hentry"],"_links":{"self":[{"href":"https:\/\/sism.org\/scora\/wp-json\/wp\/v2\/pages\/463","targetHints":{"allow":["GET"]}}],"collection":[{"href":"https:\/\/sism.org\/scora\/wp-json\/wp\/v2\/pages"}],"about":[{"href":"https:\/\/sism.org\/scora\/wp-json\/wp\/v2\/types\/page"}],"author":[{"embeddable":true,"href":"https:\/\/sism.org\/scora\/wp-json\/wp\/v2\/users\/1"}],"replies":[{"embeddable":true,"href":"https:\/\/sism.org\/scora\/wp-json\/wp\/v2\/comments?post=463"}],"version-history":[{"count":7,"href":"https:\/\/sism.org\/scora\/wp-json\/wp\/v2\/pages\/463\/revisions"}],"predecessor-version":[{"id":766,"href":"https:\/\/sism.org\/scora\/wp-json\/wp\/v2\/pages\/463\/revisions\/766"}],"wp:attachment":[{"href":"https:\/\/sism.org\/scora\/wp-json\/wp\/v2\/media?parent=463"}],"curies":[{"name":"wp","href":"https:\/\/api.w.org\/{rel}","templated":true}]}}